{"id":11179,"date":"2025-05-04T21:48:19","date_gmt":"2025-05-04T18:48:19","guid":{"rendered":"https:\/\/andreeahalikias.ro\/?post_type=product&#038;p=11179"},"modified":"2025-05-05T12:40:37","modified_gmt":"2025-05-05T09:40:37","slug":"pachet-expozant-virtual-targ-meleti-2025","status":"publish","type":"product","link":"https:\/\/andreeahalikias.ro\/en\/product\/pachet-expozant-virtual-targ-meleti-2025\/","title":{"rendered":"Meleti Fair 2025 VIRTUAL EXHIBITING PACKAGE"},"content":{"rendered":"<p>Nu po\u021bi ajunge fizic la T\u00e2rgul Meleti? Nicio problem\u0103. Ca expozant virtual, prime\u0219ti o <strong data-start=\"1868\" data-end=\"1911\">pagin\u0103 personalizat\u0103 pe site-ul oficial<\/strong>, cu detalii despre tine \u0219i produsele tale, plus <strong data-start=\"1960\" data-end=\"1995\">conexiune direct\u0103 prin WhatsApp<\/strong> cu vizitatorii. Vizibilitate real\u0103, conexiuni autentice \u2013 chiar \u0219i de la distan\u021b\u0103.<\/p>","protected":false},"excerpt":{"rendered":"<p class=\"\" data-start=\"475\" data-end=\"543\"><strong data-start=\"475\" data-end=\"543\">T\u00e2rgul Meleti Virtual \u2013 Vizibilitate real\u0103, conexiuni autentice.<\/strong><\/p>\n<p class=\"\" data-start=\"545\" data-end=\"774\">Dac\u0103 nu po\u021bi ajunge fizic la T\u00e2rgul Meleti, dar vrei ca brandul t\u0103u s\u0103 fie acolo unde este \u0219i publicul t\u0103u, participarea ca <strong data-start=\"669\" data-end=\"689\">expozant virtual<\/strong> \u00ee\u021bi ofer\u0103 o prezen\u021b\u0103 profesional\u0103 \u0219i eficient\u0103, direct \u00een inima comunit\u0103\u021bii noastre.<\/p>\n<p class=\"\" data-start=\"776\" data-end=\"812\"><strong data-start=\"776\" data-end=\"812\">Ce prime\u0219ti ca expozant virtual:<\/strong><\/p>\n<ul data-start=\"813\" data-end=\"1573\">\n<li class=\"\" data-start=\"813\" data-end=\"985\">\n<p class=\"\" data-start=\"815\" data-end=\"985\"><strong data-start=\"815\" data-end=\"853\">Pagin\u0103 dedicat\u0103 100% brandului t\u0103u<\/strong>, g\u0103zduit\u0103 pe site-ul oficial al t\u00e2rgului \u2013 cu text, logo, imagini, linkuri \u0219i detalii despre tine \u0219i produsele sau serviciile tale.<\/p>\n<\/li>\n<li class=\"\" data-start=\"986\" data-end=\"1134\">\n<p class=\"\" data-start=\"988\" data-end=\"1134\"><strong data-start=\"988\" data-end=\"1023\">Conexiune direct\u0103 prin WhatsApp<\/strong> cu vizitatorii interesa\u021bi \u2013 ace\u0219tia pot ini\u021bia o conversa\u021bie cu tine, simplu \u0219i rapid, f\u0103r\u0103 aplica\u021bii externe.<\/p>\n<\/li>\n<li class=\"\" data-start=\"1135\" data-end=\"1266\">\n<p class=\"\" data-start=\"1137\" data-end=\"1266\"><strong data-start=\"1137\" data-end=\"1162\">Vizibilitate continu\u0103<\/strong>: pagina ta r\u0103m\u00e2ne online \u0219i dup\u0103 eveniment, pentru a sus\u021bine v\u00e2nz\u0103rile \u0219i networking-ul pe termen lung.<\/p>\n<\/li>\n<li class=\"\" data-start=\"1267\" data-end=\"1409\">\n<p class=\"\" data-start=\"1269\" data-end=\"1409\"><strong data-start=\"1269\" data-end=\"1310\">Promovare \u00een re\u021belele noastre sociale<\/strong> \u0219i includerea ta \u00een newsletterul de eveniment \u2013 pentru mai mult\u0103 expunere c\u0103tre publicul potrivit.<\/p>\n<\/li>\n<li class=\"\" data-start=\"1410\" data-end=\"1573\">\n<p class=\"\" data-start=\"1412\" data-end=\"1573\"><strong data-start=\"1412\" data-end=\"1435\">Acces la comunitate<\/strong>: beneficiezi de aceea\u0219i deschidere spre publicul nostru fidel \u2013 mame, educatori, antreprenori, familii preocupate de cre\u0219tere \u0219i armonie.<\/p>\n<\/li>\n<\/ul>\n<p class=\"\" data-start=\"1575\" data-end=\"1711\">Chiar dac\u0103 nu e\u0219ti acolo fizic, prezen\u021ba ta va fi sim\u021bit\u0103. Iar comunitatea Meleti este una care caut\u0103 sens, calitate \u0219i conexiuni reale.<\/p>","protected":false},"featured_media":10577,"comment_status":"open","ping_status":"closed","template":"","meta":{"order-bump-settings":[],"_wpfnl_thankyou_order_overview":"on","_wpfnl_thankyou_order_details":"on","_wpfnl_thankyou_billing_details":"on","_wpfnl_thankyou_shipping_details":"on"},"product_brand":[],"product_cat":[15],"product_tag":[],"class_list":{"0":"post-11179","1":"product","2":"type-product","3":"status-publish","4":"has-post-thumbnail","6":"product_cat-fara-categorie","7":"hentry","9":"first","10":"instock","11":"virtual","12":"purchasable","13":"product-type-simple"},"_links":{"self":[{"href":"https:\/\/andreeahalikias.ro\/en\/wp-json\/wp\/v2\/product\/11179","targetHints":{"allow":["GET"]}}],"collection":[{"href":"https:\/\/andreeahalikias.ro\/en\/wp-json\/wp\/v2\/product"}],"about":[{"href":"https:\/\/andreeahalikias.ro\/en\/wp-json\/wp\/v2\/types\/product"}],"replies":[{"embeddable":true,"href":"https:\/\/andreeahalikias.ro\/en\/wp-json\/wp\/v2\/comments?post=11179"}],"version-history":[{"count":0,"href":"https:\/\/andreeahalikias.ro\/en\/wp-json\/wp\/v2\/product\/11179\/revisions"}],"wp:featuredmedia":[{"embeddable":true,"href":"https:\/\/andreeahalikias.ro\/en\/wp-json\/wp\/v2\/media\/10577"}],"wp:attachment":[{"href":"https:\/\/andreeahalikias.ro\/en\/wp-json\/wp\/v2\/media?parent=11179"}],"wp:term":[{"taxonomy":"product_brand","embeddable":true,"href":"https:\/\/andreeahalikias.ro\/en\/wp-json\/wp\/v2\/product_brand?post=11179"},{"taxonomy":"product_cat","embeddable":true,"href":"https:\/\/andreeahalikias.ro\/en\/wp-json\/wp\/v2\/product_cat?post=11179"},{"taxonomy":"product_tag","embeddable":true,"href":"https:\/\/andreeahalikias.ro\/en\/wp-json\/wp\/v2\/product_tag?post=11179"}],"curies":[{"name":"wp","href":"https:\/\/api.w.org\/{rel}","templated":true}]}}