{"id":9364,"date":"2024-11-28T00:21:51","date_gmt":"2024-11-27T22:21:51","guid":{"rendered":"https:\/\/andreeahalikias.ro\/?page_id=9364"},"modified":"2024-11-29T22:47:31","modified_gmt":"2024-11-29T20:47:31","slug":"modalitati-de-plata","status":"publish","type":"page","link":"https:\/\/andreeahalikias.ro\/el\/modalitati-de-plata\/","title":{"rendered":"\u039c\u03ad\u03b8\u03bf\u03b4\u03bf\u03b9 \u03c0\u03bb\u03b7\u03c1\u03c9\u03bc\u03ae\u03c2"},"content":{"rendered":"<p>\u03a0\u03c1\u03bf\u03ca\u03cc\u03bd\u03c4\u03b1 \u03bc\u03ac\u03c1\u03ba\u03b1 andreeahalikias.ro<\/p>\n\n\n\n<p>\u039f \u03c0\u03b5\u03bb\u03ac\u03c4\u03b7\u03c2 \u03b8\u03b1 \u03ba\u03ac\u03bd\u03b5\u03b9 \u03c4\u03b7\u03bd \u03c0\u03b1\u03c1\u03b1\u03b3\u03b3\u03b5\u03bb\u03af\u03b1 \u03c4\u03bf\u03c5 \u03b7\u03bb\u03b5\u03ba\u03c4\u03c1\u03bf\u03bd\u03b9\u03ba\u03ac \u03ba\u03b1\u03b9 \u03b8\u03b1 \u03bb\u03ac\u03b2\u03b5\u03b9 \u03c4\u03b7\u03bd \u03b5\u03c0\u03b9\u03b2\u03b5\u03b2\u03b1\u03af\u03c9\u03c3\u03b7 \u03c4\u03b7\u03c2 \u03c0\u03b1\u03c1\u03b1\u03b3\u03b3\u03b5\u03bb\u03af\u03b1\u03c2 \u03bc\u03ad\u03c3\u03c9 \u03b7\u03bb\u03b5\u03ba\u03c4\u03c1\u03bf\u03bd\u03b9\u03ba\u03bf\u03cd \u03c4\u03b1\u03c7\u03c5\u03b4\u03c1\u03bf\u03bc\u03b5\u03af\u03bf\u03c5 (\u03c3\u03c4\u03b7 \u03b4\u03b9\u03b5\u03cd\u03b8\u03c5\u03bd\u03c3\u03b7 \u03bc\u03b5 \u03c4\u03b7\u03bd \u03bf\u03c0\u03bf\u03af\u03b1 \u03b4\u03b7\u03bc\u03b9\u03bf\u03c5\u03c1\u03b3\u03ae\u03b8\u03b7\u03ba\u03b5 \u03bf \u03bb\u03bf\u03b3\u03b1\u03c1\u03b9\u03b1\u03c3\u03bc\u03cc\u03c2 \u03c4\u03bf\u03c5 \u03c0\u03b5\u03bb\u03ac\u03c4\u03b7). \u038c\u03bb\u03b5\u03c2 \u03bf\u03b9 \u03c4\u03b9\u03bc\u03ad\u03c2 \u03ba\u03b1\u03b9 \u03c4\u03b1 \u03ad\u03be\u03bf\u03b4\u03b1 \u03c0\u03b1\u03c1\u03ac\u03b4\u03bf\u03c3\u03b7\u03c2 \u03b5\u03ba\u03c6\u03c1\u03ac\u03b6\u03bf\u03bd\u03c4\u03b1\u03b9 \u03c3\u03b5 RON \u03ba\u03b1\u03b9 \u03b7 \u03c0\u03bb\u03b7\u03c1\u03c9\u03bc\u03ae \u03bc\u03c0\u03bf\u03c1\u03b5\u03af \u03bd\u03b1 \u03b3\u03af\u03bd\u03b5\u03b9 \u03bc\u03b5 \u03c0\u03b9\u03c3\u03c4\u03c9\u03c4\u03b9\u03ba\u03ae \u03ba\u03ac\u03c1\u03c4\u03b1 \u03c3\u03c4\u03b7\u03bd \u03c0\u03cd\u03bb\u03b7 \u03c0\u03bb\u03b7\u03c1\u03c9\u03bc\u03ce\u03bd \u03c0\u03bf\u03c5 \u03c0\u03b1\u03c1\u03ad\u03c7\u03b5\u03b9 \u03b7 Stripe.<\/p>\n\n\n\n<p><strong>\u039c\u03a0\u039f\u03a1\u038f \u039d\u0391 \u03a0\u0391\u03a1\u0391\u0393\u0393\u0395\u038a\u039b\u03a9 \u03a7\u03a9\u03a1\u038a\u03a3 \u039b\u039f\u0393\u0391\u03a1\u0399\u0391\u03a3\u039c\u038c;<\/strong><\/p>\n\n\n\n<p>\u039d\u03b1\u03b9.&nbsp;<\/p>\n\n\n\n<p><strong>\u03a0\u039f\u0399\u0391 \u0395\u038a\u039d\u0391\u0399 \u0397 \u039c\u0388\u0398\u039f\u0394\u039f\u03a3 \u03a0\u0391\u03a1\u0386\u0394\u039f\u03a3\u0397\u03a3;<\/strong><\/p>\n\n\n\n<p>\u039f\u03b9 \u03c0\u03b1\u03c1\u03b1\u03b3\u03b3\u03b5\u03bb\u03af\u03b5\u03c2 \u03c0\u03b1\u03c1\u03b1\u03b4\u03af\u03b4\u03bf\u03bd\u03c4\u03b1\u03b9 \u03bc\u03ad\u03c3\u03c9 <a href=\"http:\/\/ecolet.ro\" target=\"_blank\" rel=\"noopener\">ecolet.ro<\/a>, \u03c3\u03b5 \u03b4\u03b9\u03b5\u03c5\u03b8\u03cd\u03bd\u03c3\u03b5\u03b9\u03c2 \u03c3\u03c4\u03b7 \u03a1\u03bf\u03c5\u03bc\u03b1\u03bd\u03af\u03b1. \u03a0\u03b1\u03c1\u03b1\u03ba\u03b1\u03bb\u03bf\u03cd\u03bc\u03b5 \u03c7\u03c1\u03b7\u03c3\u03b9\u03bc\u03bf\u03c0\u03bf\u03b9\u03ae\u03c3\u03c4\u03b5 \u03c9\u03c2 \u03b4\u03b9\u03b5\u03cd\u03b8\u03c5\u03bd\u03c3\u03b7 \u03c0\u03b1\u03c1\u03ac\u03b4\u03bf\u03c3\u03b7\u03c2 \u03c4\u03b7 \u03b4\u03b9\u03b5\u03cd\u03b8\u03c5\u03bd\u03c3\u03b7 \u03cc\u03c0\u03bf\u03c5 \u03bc\u03c0\u03bf\u03c1\u03b5\u03af\u03c4\u03b5 \u03bd\u03b1 \u03b2\u03c1\u03af\u03c3\u03ba\u03b5\u03c3\u03c4\u03b5 \u03bc\u03b5\u03c4\u03b1\u03be\u03cd 9-17. \u039f \u03c4\u03b1\u03c7\u03c5\u03bc\u03b5\u03c4\u03b1\u03c6\u03bf\u03c1\u03ad\u03b1\u03c2 \u03b8\u03b1 \u03b5\u03c0\u03b9\u03ba\u03bf\u03b9\u03bd\u03c9\u03bd\u03ae\u03c3\u03b5\u03b9 \u03bc\u03b1\u03b6\u03af \u03c3\u03b1\u03c2 \u03c4\u03b7\u03bb\u03b5\u03c6\u03c9\u03bd\u03b9\u03ba\u03ac \u03b3\u03b9\u03b1 \u03bd\u03b1 \u03c3\u03b1\u03c2 \u03b1\u03bd\u03b1\u03ba\u03bf\u03b9\u03bd\u03ce\u03c3\u03b5\u03b9 \u03c4\u03b7\u03bd \u03ac\u03c6\u03b9\u03be\u03b7 \u03c4\u03b7\u03c2 \u03c0\u03b1\u03c1\u03b1\u03b3\u03b3\u03b5\u03bb\u03af\u03b1\u03c2 \u03c3\u03b1\u03c2.<\/p>","protected":false},"excerpt":{"rendered":"<p>Produse marca andreeahalikias.ro Clientul va plasa comanda online \u0219i va primi confirmarea acesteia prin e-mail (la adresa cu care a fost creat contul de client). Toate pre\u021burile \u0219i costurile de livrare sunt exprimate \u00een RON, iar plata se poate face folosind cardul \u00een portalul de plat\u0103 asigurat de Stripe. POT COMANDA FARA CONT? Da.&nbsp; CARE ESTE MODALITATEA DE LIVRARE? Comenzile sunt livrate prin ecolet.ro, la&#8230; <\/p>\n<p class=\"more\"><a class=\"more-link\" href=\"https:\/\/andreeahalikias.ro\/el\/modalitati-de-plata\/\">\u0394\u03b9\u03b1\u03b2\u03ac\u03c3\u03c4\u03b5 \u03c0\u03b5\u03c1\u03b9\u03c3\u03c3\u03cc\u03c4\u03b5\u03c1\u03b1<\/a><\/p>","protected":false},"author":1,"featured_media":0,"parent":0,"menu_order":0,"comment_status":"closed","ping_status":"closed","template":"","meta":{"order-bump-settings":[],"_wpfnl_thankyou_order_overview":"on","_wpfnl_thankyou_order_details":"on","_wpfnl_thankyou_billing_details":"on","_wpfnl_thankyou_shipping_details":"on","footnotes":""},"class_list":["post-9364","page","type-page","status-publish","hentry","is-cat-link-line-before"],"_links":{"self":[{"href":"https:\/\/andreeahalikias.ro\/el\/wp-json\/wp\/v2\/pages\/9364","targetHints":{"allow":["GET"]}}],"collection":[{"href":"https:\/\/andreeahalikias.ro\/el\/wp-json\/wp\/v2\/pages"}],"about":[{"href":"https:\/\/andreeahalikias.ro\/el\/wp-json\/wp\/v2\/types\/page"}],"author":[{"embeddable":true,"href":"https:\/\/andreeahalikias.ro\/el\/wp-json\/wp\/v2\/users\/1"}],"replies":[{"embeddable":true,"href":"https:\/\/andreeahalikias.ro\/el\/wp-json\/wp\/v2\/comments?post=9364"}],"version-history":[{"count":0,"href":"https:\/\/andreeahalikias.ro\/el\/wp-json\/wp\/v2\/pages\/9364\/revisions"}],"wp:attachment":[{"href":"https:\/\/andreeahalikias.ro\/el\/wp-json\/wp\/v2\/media?parent=9364"}],"curies":[{"name":"wp","href":"https:\/\/api.w.org\/{rel}","templated":true}]}}